{"id":157,"date":"2015-09-27T10:41:04","date_gmt":"2015-09-27T08:41:04","guid":{"rendered":"http:\/\/dotoform.com\/?page_id=157"},"modified":"2022-12-22T16:13:38","modified_gmt":"2022-12-22T15:13:38","slug":"157-2","status":"publish","type":"page","link":"http:\/\/martakrupinska.pl\/en\/nagrody\/157-2\/","title":{"rendered":"Young Users by VOX","raw":"Young Users by VOX"},"content":{"rendered":"<h4>Young Users by VOX<\/h4>\n<p>Designed Humanly award 2019 for project, that was human focused and created, to answer the user needs. Gazeta Wyborcza, Warsaw.<\/p>\n<p>Icon of Polish Design. Symbols of Polish Design book by Paulina Kucharska 2014. Fundacja Kocham Polsk\u0119 publishing house, Warsaw.<\/p>\n<p>Product Of The Year 2012 (Meble Plus &#8211; Produkt 2012) for outstanding design, functionality and high quality. Meble Plus, Warsaw.<\/p>\n<p>Top Design Award 2011 for the best designed products on the market. Arena Design, Pozna\u0144.<\/p>\n<p>Laureate of the Dobry Wz\u00f3r 2011 contest for the best designed products on the Polish market. Instytut Wzornictwa Przemys\u0142owego, Warsaw.<\/p>\n<p>Z\u0142oty Orze\u0142 2011 award in the category Market Product Launch. Z\u0142ote Or\u0142y, Warsaw.<\/p>\n","protected":false,"raw":"<h4>Young Users by VOX<\/h4>\nDesigned Humanly award 2019 for project, that was human focused and created, to answer the user needs. Gazeta Wyborcza, Warsaw.\n\nIcon of Polish Design. Symbols of Polish Design book by Paulina Kucharska 2014. Fundacja Kocham Polsk\u0119 publishing house, Warsaw.\n\nProduct Of The Year 2012 (Meble Plus - Produkt 2012) for outstanding design, functionality and high quality. Meble Plus, Warsaw.\n\nTop Design Award 2011 for the best designed products on the market. Arena Design, Pozna\u0144.\n\nLaureate of the Dobry Wz\u00f3r 2011 contest for the best designed products on the Polish market. Instytut Wzornictwa Przemys\u0142owego, Warsaw.\n\nZ\u0142oty Orze\u0142 2011 award in the category Market Product Launch. Z\u0142ote Or\u0142y, Warsaw."},"excerpt":{"rendered":"","protected":false,"raw":""},"author":1,"featured_media":0,"parent":18,"menu_order":9,"comment_status":"closed","ping_status":"closed","template":"","meta":{"_pl_post_content":"<h4>Young Users by VOX<\/h4>\r\nNagroda Zaprojektowane Po Ludzku 2019 za projekt, kt\u00f3ry powsta\u0142 z my\u015bl\u0105 o u\u017cytkowniku i jego potrzebach. Gazeta Wyborcza, Warszawa.\r\n\r\nIkona Polskiego Designu. Album Symbole Polskiego Designu autorstwa Pauliny Kucharskiej 2014. Wydawnictwo Fundacja Kocham Polsk\u0119, Warszawa.\r\n\r\nProdukt Roku 2012 (Meble Plus - Produkt 2012) za wyr\u00f3\u017cniaj\u0105cy si\u0119 design, funkcjonalno\u015b\u0107 i wysok\u0105 jako\u015b\u0107. Meble Plus, Warszawa.\r\n\r\nNagroda Top Design Award 2011 dla najlepiej zaprojektowanych produkt\u00f3w na rynku. Arena Design, Pozna\u0144.\r\n\r\nLaureat konkursu Dobry Wz\u00f3r 2011 na najlepiej zaprojektowane produkty na polskim rynku. Instytut Wzornictwa Przemys\u0142owego, Warszawa.\r\n\r\nZ\u0142oty Orze\u0142 2011 w kategorii Wprowadzenie Produktu Na Rynek. Z\u0142ote Or\u0142y, Warszawa.","_pl_post_name":"157-2","_pl_post_excerpt":"","_pl_post_title":"Young Users by VOX","_en_post_content":"<h4>Young Users by VOX<\/h4>\nDesigned Humanly award 2019 for project, that was human focused and created, to answer the user needs. Gazeta Wyborcza, Warsaw.\n\nIcon of Polish Design. Symbols of Polish Design book by Paulina Kucharska 2014. Fundacja Kocham Polsk\u0119 publishing house, Warsaw.\n\nProduct Of The Year 2012 (Meble Plus - Produkt 2012) for outstanding design, functionality and high quality. Meble Plus, Warsaw.\n\nTop Design Award 2011 for the best designed products on the market. Arena Design, Pozna\u0144.\n\nLaureate of the Dobry Wz\u00f3r 2011 contest for the best designed products on the Polish market. Instytut Wzornictwa Przemys\u0142owego, Warsaw.\n\nZ\u0142oty Orze\u0142 2011 award in the category Market Product Launch. Z\u0142ote Or\u0142y, Warsaw.","_en_post_name":"157-2","_en_post_excerpt":"","_en_post_title":"Young Users by VOX","edit_language":"en"},"_links":{"self":[{"href":"http:\/\/martakrupinska.pl\/en\/wp-json\/wp\/v2\/pages\/157"}],"collection":[{"href":"http:\/\/martakrupinska.pl\/en\/wp-json\/wp\/v2\/pages"}],"about":[{"href":"http:\/\/martakrupinska.pl\/en\/wp-json\/wp\/v2\/types\/page"}],"author":[{"embeddable":true,"href":"http:\/\/martakrupinska.pl\/en\/wp-json\/wp\/v2\/users\/1"}],"replies":[{"embeddable":true,"href":"http:\/\/martakrupinska.pl\/en\/wp-json\/wp\/v2\/comments?post=157"}],"version-history":[{"count":11,"href":"http:\/\/martakrupinska.pl\/en\/wp-json\/wp\/v2\/pages\/157\/revisions"}],"predecessor-version":[{"id":1848,"href":"http:\/\/martakrupinska.pl\/en\/wp-json\/wp\/v2\/pages\/157\/revisions\/1848"}],"up":[{"embeddable":true,"href":"http:\/\/martakrupinska.pl\/en\/wp-json\/wp\/v2\/pages\/18"}],"wp:attachment":[{"href":"http:\/\/martakrupinska.pl\/en\/wp-json\/wp\/v2\/media?parent=157"}],"curies":[{"name":"wp","href":"https:\/\/api.w.org\/{rel}","templated":true}]}}