{"id":165,"date":"2015-09-27T10:45:46","date_gmt":"2015-09-27T08:45:46","guid":{"rendered":"http:\/\/dotoform.com\/?page_id=165"},"modified":"2022-12-22T16:13:50","modified_gmt":"2022-12-22T15:13:50","slug":"hifi-by-vox","status":"publish","type":"page","link":"http:\/\/martakrupinska.pl\/en\/nagrody\/hifi-by-vox\/","title":{"rendered":"Hifi by VOX","raw":"Hifi by VOX"},"content":{"rendered":"<h4>Hifi by VOX<\/h4>\n<p>Product Of The Year 2012 (Meble Plus &#8211; Produkt 2012) for outstanding design, functionality and high quality. Meble Plus, Warsaw.<\/p>\n","protected":false,"raw":"<h4>Hifi by VOX<\/h4>\r\nProduct Of The Year 2012 (Meble Plus - Produkt 2012) for outstanding design, functionality and high quality. Meble Plus, Warsaw."},"excerpt":{"rendered":"","protected":false,"raw":""},"author":1,"featured_media":0,"parent":18,"menu_order":10,"comment_status":"closed","ping_status":"closed","template":"","meta":{"_pl_post_content":"<h4>Hifi by VOX<\/h4>\r\nProdukt Roku 2012 (Meble Plus - Produkt 2012) za wyr\u00f3\u017cniaj\u0105cy si\u0119 design, funkcjonalno\u015b\u0107 i wysok\u0105 jako\u015b\u0107. Meble Plus, Warszawa.","_pl_post_name":"hifi-by-vox","_pl_post_excerpt":"","_pl_post_title":"Hifi by VOX","_en_post_content":"<h4>Hifi by VOX<\/h4>\r\nProduct Of The Year 2012 (Meble Plus - Produkt 2012) for outstanding design, functionality and high quality. Meble Plus, Warsaw.","_en_post_name":"hifi-by-vox","_en_post_excerpt":"","_en_post_title":"Hifi by VOX","edit_language":"en"},"_links":{"self":[{"href":"http:\/\/martakrupinska.pl\/en\/wp-json\/wp\/v2\/pages\/165"}],"collection":[{"href":"http:\/\/martakrupinska.pl\/en\/wp-json\/wp\/v2\/pages"}],"about":[{"href":"http:\/\/martakrupinska.pl\/en\/wp-json\/wp\/v2\/types\/page"}],"author":[{"embeddable":true,"href":"http:\/\/martakrupinska.pl\/en\/wp-json\/wp\/v2\/users\/1"}],"replies":[{"embeddable":true,"href":"http:\/\/martakrupinska.pl\/en\/wp-json\/wp\/v2\/comments?post=165"}],"version-history":[{"count":3,"href":"http:\/\/martakrupinska.pl\/en\/wp-json\/wp\/v2\/pages\/165\/revisions"}],"predecessor-version":[{"id":1218,"href":"http:\/\/martakrupinska.pl\/en\/wp-json\/wp\/v2\/pages\/165\/revisions\/1218"}],"up":[{"embeddable":true,"href":"http:\/\/martakrupinska.pl\/en\/wp-json\/wp\/v2\/pages\/18"}],"wp:attachment":[{"href":"http:\/\/martakrupinska.pl\/en\/wp-json\/wp\/v2\/media?parent=165"}],"curies":[{"name":"wp","href":"https:\/\/api.w.org\/{rel}","templated":true}]}}