{"id":1340,"date":"2015-11-28T17:48:05","date_gmt":"2015-11-28T16:48:05","guid":{"rendered":"http:\/\/dotoform.com\/?page_id=1340"},"modified":"2024-12-31T07:58:23","modified_gmt":"2024-12-31T06:58:23","slug":"tez-czlowiek-interesownosc","status":"publish","type":"page","link":"https:\/\/martakrupinska.pl\/en\/sklep\/tez-czlowiek-interesownosc\/","title":{"rendered":"","raw":""},"content":{"rendered":"<h4>Self-interest (collection &#8211; Also Human)<\/h4>\n<p>Acryl painting<br \/>\nVarnish protected surface<br \/>\nCanvas 3D<br \/>\nSize: 40&#215;40 cm<\/p>\n<p>Please contact:<br \/>\n<a href=\"mailto:kontakt@martakrupinska.pl\">kontakt@martakrupinska.pl<\/a><\/p>\n","protected":false,"raw":"<h4>Self-interest (collection - Also Human)<\/h4>\r\nAcryl painting\r\nVarnish protected surface\r\nCanvas 3D\r\nSize: 40x40 cm\r\n\r\nPlease contact:\r\n<a href=\"mailto:kontakt@martakrupinska.pl\">kontakt@martakrupinska.pl<\/a>"},"excerpt":{"rendered":"","protected":false,"raw":""},"author":2,"featured_media":0,"parent":20,"menu_order":25,"comment_status":"closed","ping_status":"closed","template":"","meta":{"_pl_post_content":"<h4>Interesowno\u015b\u0107 (kolekcja - Te\u017c Cz\u0142owiek)<\/h4>\r\nObraz akrylowy\r\nPowierzchnia zabezpieczona werniksem\r\nPodobrazie 3D\r\nRozmiar: 40x40 cm\r\n\r\nProsz\u0119 o kontakt:\r\n<a href=\"mailto:kontakt@martakrupinska.pl\">kontakt@martakrupinska.pl<\/a>","_pl_post_name":"tez-czlowiek-interesownosc","_pl_post_excerpt":"","_pl_post_title":"Te\u017c Cz\u0142owiek - Interesowno\u015b\u0107","_en_post_content":"<h4>Self-interest (collection - Also Human)<\/h4>\r\nAcryl painting\r\nVarnish protected surface\r\nCanvas 3D\r\nSize: 40x40 cm\r\n\r\nPlease contact:\r\n<a href=\"mailto:kontakt@martakrupinska.pl\">kontakt@martakrupinska.pl<\/a>","_en_post_name":"tez-czlowiek-interesownosc","_en_post_excerpt":"","_en_post_title":"","edit_language":"en"},"_links":{"self":[{"href":"https:\/\/martakrupinska.pl\/en\/wp-json\/wp\/v2\/pages\/1340"}],"collection":[{"href":"https:\/\/martakrupinska.pl\/en\/wp-json\/wp\/v2\/pages"}],"about":[{"href":"https:\/\/martakrupinska.pl\/en\/wp-json\/wp\/v2\/types\/page"}],"author":[{"embeddable":true,"href":"https:\/\/martakrupinska.pl\/en\/wp-json\/wp\/v2\/users\/2"}],"replies":[{"embeddable":true,"href":"https:\/\/martakrupinska.pl\/en\/wp-json\/wp\/v2\/comments?post=1340"}],"version-history":[{"count":10,"href":"https:\/\/martakrupinska.pl\/en\/wp-json\/wp\/v2\/pages\/1340\/revisions"}],"predecessor-version":[{"id":2447,"href":"https:\/\/martakrupinska.pl\/en\/wp-json\/wp\/v2\/pages\/1340\/revisions\/2447"}],"up":[{"embeddable":true,"href":"https:\/\/martakrupinska.pl\/en\/wp-json\/wp\/v2\/pages\/20"}],"wp:attachment":[{"href":"https:\/\/martakrupinska.pl\/en\/wp-json\/wp\/v2\/media?parent=1340"}],"curies":[{"name":"wp","href":"https:\/\/api.w.org\/{rel}","templated":true}]}}