{"id":14,"date":"2015-09-23T19:17:28","date_gmt":"2015-09-23T17:17:28","guid":{"rendered":"http:\/\/dotoform.com\/?page_id=14"},"modified":"2022-07-23T16:59:39","modified_gmt":"2022-07-23T14:59:39","slug":"o-mnie","status":"publish","type":"page","link":"https:\/\/martakrupinska.pl\/en\/o-mnie\/","title":{"rendered":"O mnie","raw":"O mnie"},"content":{"rendered":"<h4>Marta Krupi\u0144ska<\/h4>\n<p>&#8216;Sower, man of action, practical organizer, perfectionist&#8217;<\/p>\n<p>Product and graphic designer<\/p>\n<p>Graduate of the Industrial Design Department at the Academy of Fine Arts in Poznan. Poznan. 2006.<\/p>\n<p>Recipient of the Ministry of Culture Scholarship for the year 2005\/2006 for outstanding academic achievement. Warsaw. 2005.<\/p>\n<p>Winner of the first prize in the New Design Ideas \u2013 Hansgrohe 2006 contest. Tarnowo Podgorne. 2006.<\/p>\n<p>Grand Prix Award winner of the XXVI edition of Maria Dokowicz Contest 2006 for the best Master Diploma of the Academy. Poznan. 2006.<\/p>\n<p>Intern of the Phoenix Design studio. Stuttgart. 2006. 2007.<\/p>\n<p>Graduate of the Design Management specialization at the School of Humanities and Journalism. Poznan. 2011.<\/p>\n<p>Member of the Association of Industrial Designers associating design professionals. Warsaw. 2010-2021.<\/p>\n<p>Designer for VOX. Czerwonak. 2010-2021.<\/p>\n<p>Owner of the Marta Krupi\u0144ska design studio. Poznan. 2010-2021.<\/p>\n<p>Inhouse designer at IKEA of Sweden. \u00c4lmhult. 2021&#8230;<\/p>\n<p>&#8230;<\/p>\n","protected":false,"raw":"<h4>Marta Krupi\u0144ska<\/h4>\n'Sower, man of action, practical organizer, perfectionist'\n\nProduct and graphic designer\n\nGraduate of the Industrial Design Department at the Academy of Fine Arts in Poznan. Poznan. 2006.\n\nRecipient of the Ministry of Culture Scholarship for the year 2005\/2006 for outstanding academic achievement. Warsaw. 2005.\n\nWinner of the first prize in the New Design Ideas \u2013 Hansgrohe 2006 contest. Tarnowo Podgorne. 2006.\n\nGrand Prix Award winner of the XXVI edition of Maria Dokowicz Contest 2006 for the best Master Diploma of the Academy. Poznan. 2006.\n\nIntern of the Phoenix Design studio. Stuttgart. 2006. 2007.\n\nGraduate of the Design Management specialization at the School of Humanities and Journalism. Poznan. 2011.\n\nMember of the Association of Industrial Designers associating design professionals. Warsaw. 2010-2021.\n\nDesigner for VOX. Czerwonak. 2010-2021.\n\nOwner of the Marta Krupi\u0144ska design studio. Poznan. 2010-2021.\n\nInhouse designer at IKEA of Sweden. \u00c4lmhult. 2021...\n\n..."},"excerpt":{"rendered":"","protected":false,"raw":""},"author":1,"featured_media":0,"parent":0,"menu_order":15,"comment_status":"closed","ping_status":"closed","template":"","meta":{"_pl_post_content":"<h4>Marta Krupi\u0144ska<\/h4>\n'Siewca, cz\u0142owiek akcji, praktyczny organizator, perfekcjonista'\n\nProjektant produktu oraz grafiki u\u017cytkowej\n\nAbsolwentka Akademii Sztuk Pi\u0119knych w Poznaniu w zakresie projektowania produktu i form przemys\u0142owych. Pozna\u0144. 2006.\n\nLaureatka Stypendium Ministra Kultury na rok akademicki 2005\/2006 za wyr\u00f3\u017cniaj\u0105ce osi\u0105gni\u0119cia w nauce. Warszawa. 2005.\n\nZdobywczyni I miejsca w projekcie konkursowym Idee Projektowe - Hansgrohe 2006. Tarnowo Podg\u00f3rne. 2006.\n\nLaureatka Nagrody Grand Prix XXVI edycji Konkursu Im. Marii Dokowicz 2006 na najlepszy dyplom magisterski ASP w Poznaniu. Pozna\u0144. 2006.\n\nSta\u017cystka biura projektowego Phoenix Design. Stuttgart. 2006. 2007.\n\nAbsolwentka Wy\u017cszej Szko\u0142y Nauk Humanistycznych i Dziennikarstwa w zakresie zarz\u0105dzania wzornictwem. Pozna\u0144. 2011.\n\nCz\u0142onkini Stowarzyszenia Projektant\u00f3w Form Przemys\u0142owych zrzeszaj\u0105cego profesjonalist\u00f3w w dziedzinie projektowania. Warszawa. 2010-2021.\n\nWsp\u00f3\u0142praca z VOX. Czerwonak. 2010-2021.\n\nW\u0142a\u015bciciel studia projektowego Marta Krupi\u0144ska. Pozna\u0144. 2010-2021.\n\nProjektant w IKEA of Sweden. \u00c4lmhult. 2021...\n\n...","_pl_post_name":"o-mnie","_pl_post_excerpt":"","_pl_post_title":"O mnie","_en_post_content":"<h4>Marta Krupi\u0144ska<\/h4>\n'Sower, man of action, practical organizer, perfectionist'\n\nProduct and graphic designer\n\nGraduate of the Industrial Design Department at the Academy of Fine Arts in Poznan. Poznan. 2006.\n\nRecipient of the Ministry of Culture Scholarship for the year 2005\/2006 for outstanding academic achievement. Warsaw. 2005.\n\nWinner of the first prize in the New Design Ideas \u2013 Hansgrohe 2006 contest. Tarnowo Podgorne. 2006.\n\nGrand Prix Award winner of the XXVI edition of Maria Dokowicz Contest 2006 for the best Master Diploma of the Academy. Poznan. 2006.\n\nIntern of the Phoenix Design studio. Stuttgart. 2006. 2007.\n\nGraduate of the Design Management specialization at the School of Humanities and Journalism. Poznan. 2011.\n\nMember of the Association of Industrial Designers associating design professionals. Warsaw. 2010-2021.\n\nDesigner for VOX. Czerwonak. 2010-2021.\n\nOwner of the Marta Krupi\u0144ska design studio. Poznan. 2010-2021.\n\nInhouse designer at IKEA of Sweden. \u00c4lmhult. 2021...\n\n...","_en_post_name":"o-mnie","_en_post_excerpt":"","_en_post_title":"O mnie","edit_language":"en"},"_links":{"self":[{"href":"https:\/\/martakrupinska.pl\/en\/wp-json\/wp\/v2\/pages\/14"}],"collection":[{"href":"https:\/\/martakrupinska.pl\/en\/wp-json\/wp\/v2\/pages"}],"about":[{"href":"https:\/\/martakrupinska.pl\/en\/wp-json\/wp\/v2\/types\/page"}],"author":[{"embeddable":true,"href":"https:\/\/martakrupinska.pl\/en\/wp-json\/wp\/v2\/users\/1"}],"replies":[{"embeddable":true,"href":"https:\/\/martakrupinska.pl\/en\/wp-json\/wp\/v2\/comments?post=14"}],"version-history":[{"count":9,"href":"https:\/\/martakrupinska.pl\/en\/wp-json\/wp\/v2\/pages\/14\/revisions"}],"predecessor-version":[{"id":2338,"href":"https:\/\/martakrupinska.pl\/en\/wp-json\/wp\/v2\/pages\/14\/revisions\/2338"}],"wp:attachment":[{"href":"https:\/\/martakrupinska.pl\/en\/wp-json\/wp\/v2\/media?parent=14"}],"curies":[{"name":"wp","href":"https:\/\/api.w.org\/{rel}","templated":true}]}}