{"id":1936,"date":"2020-08-20T18:36:01","date_gmt":"2020-08-20T16:36:01","guid":{"rendered":"http:\/\/martakrupinska.pl\/?page_id=1936"},"modified":"2022-12-23T11:05:06","modified_gmt":"2022-12-23T10:05:06","slug":"sofa-slide","status":"publish","type":"page","link":"https:\/\/martakrupinska.pl\/en\/nagrody\/sofa-slide\/","title":{"rendered":"Sofa Slide","raw":"Sofa Slide"},"content":{"rendered":"<h4>Slide sofa<\/h4>\n<p>Must have 2020 award for one of the best Polish implementations. Lodz Design Festival, Lodz.<\/p>\n","protected":false,"raw":"<h4>Slide sofa<\/h4>\r\n<p>Must have 2020 award for one of the best Polish implementations. Lodz Design Festival, Lodz.<\/p>\r\n"},"excerpt":{"rendered":"","protected":false,"raw":""},"author":2,"featured_media":0,"parent":18,"menu_order":8,"comment_status":"closed","ping_status":"closed","template":"","meta":{"_pl_post_content":"<h4>Slide sofa<\/h4>\r\n<p>Nagroda Must Have 2020 dla jednego z najlepszych polskich wdro\u017ce\u0144. \u0141\u00f3d\u017a Design Festival, \u0141\u00f3d\u017a.<\/p>\r\n","_pl_post_name":"sofa-slide","_pl_post_excerpt":"","_pl_post_title":"Sofa Slide","_en_post_content":"<h4>Slide sofa<\/h4>\r\n<p>Must have 2020 award for one of the best Polish implementations. Lodz Design Festival, Lodz.<\/p>\r\n","_en_post_name":"sofa-slide","_en_post_excerpt":"","_en_post_title":"Sofa Slide","edit_language":"en"},"_links":{"self":[{"href":"https:\/\/martakrupinska.pl\/en\/wp-json\/wp\/v2\/pages\/1936"}],"collection":[{"href":"https:\/\/martakrupinska.pl\/en\/wp-json\/wp\/v2\/pages"}],"about":[{"href":"https:\/\/martakrupinska.pl\/en\/wp-json\/wp\/v2\/types\/page"}],"author":[{"embeddable":true,"href":"https:\/\/martakrupinska.pl\/en\/wp-json\/wp\/v2\/users\/2"}],"replies":[{"embeddable":true,"href":"https:\/\/martakrupinska.pl\/en\/wp-json\/wp\/v2\/comments?post=1936"}],"version-history":[{"count":15,"href":"https:\/\/martakrupinska.pl\/en\/wp-json\/wp\/v2\/pages\/1936\/revisions"}],"predecessor-version":[{"id":2357,"href":"https:\/\/martakrupinska.pl\/en\/wp-json\/wp\/v2\/pages\/1936\/revisions\/2357"}],"up":[{"embeddable":true,"href":"https:\/\/martakrupinska.pl\/en\/wp-json\/wp\/v2\/pages\/18"}],"wp:attachment":[{"href":"https:\/\/martakrupinska.pl\/en\/wp-json\/wp\/v2\/media?parent=1936"}],"curies":[{"name":"wp","href":"https:\/\/api.w.org\/{rel}","templated":true}]}}