{"id":2,"date":"2015-09-21T18:45:20","date_gmt":"2015-09-21T16:45:20","guid":{"rendered":"http:\/\/dotoform.com\/?page_id=2"},"modified":"2022-07-23T17:04:43","modified_gmt":"2022-07-23T15:04:43","slug":"o-firmie","status":"publish","type":"page","link":"https:\/\/martakrupinska.pl\/en\/o-firmie\/","title":{"rendered":"O firmie","raw":"O firmie"},"content":{"rendered":"<h4>Design is business, but!<\/h4>\n<p>Design is not only a beautiful form and meaningful function, that really makes life easier. Design is business! I believe, that we designes are hired, to bring profit to our customers, but! Both designers and producers should be responsible and provide a sustainable design, which is good for both people and planet. Also designers should be willing to accept feedback on their implemented work and draw conclusions from it. We overproduce, and what we really need, is not there. Let&#8217;s response to the real user needs! That&#8217;s the true innovation! Let&#8217;s design with a skillful and rational approach. Let&#8217;s produce long lasting, best timeless, honest and sustainable designs. Let&#8217;s keep it simple and let\u2019s design it better. I want to work like that!<\/p>\n","protected":false,"raw":"<h4>Design is business, but!<\/h4>\nDesign is not only a beautiful form and meaningful function, that really makes life easier. Design is business! I believe, that we designes are hired, to bring profit to our customers, but! Both designers and producers should be responsible and provide a sustainable design, which is good for both people and planet. Also designers should be willing to accept feedback on their implemented work and draw conclusions from it. We overproduce, and what we really need, is not there. Let's response to the real user needs! That's the true innovation! Let's design with a skillful and rational approach. Let's produce long lasting, best timeless, honest and sustainable designs. Let's keep it simple and let\u2019s design it better. I want to work like that!"},"excerpt":{"rendered":"","protected":false,"raw":""},"author":1,"featured_media":0,"parent":0,"menu_order":14,"comment_status":"closed","ping_status":"open","template":"","meta":{"_pl_post_content":"<h4>Design to business, ale!<\/h4>\nDesign to nie tylko \u0142adna forma i racjonalna funkcjonalno\u015b\u0107, kt\u00f3ra rzeczywi\u015bcie u\u0142atwia \u017cycie. Design to biznes! Uwa\u017cam, \u017ce my projektanci jeste\u015bmy zatrudniani po to, by przynie\u015b\u0107 zleceniodawcy zysk, ale! Projektanci i producenci powinni by\u0107 odpowiedzialni i wdra\u017ca\u0107 pomys\u0142y w spos\u00f3b zr\u00f3wnowa\u017cony, tak by by\u0142y one dobre zar\u00f3wno dla ludzi jak i planety. Projektanci powinni chcie\u0107 przyjmowa\u0107 informacje zwrotne na temat wdro\u017conych realizacji i wyci\u0105ga\u0107 z nich wnioski. Nadprodukujemy, a to czego naprawd\u0119 potrzebujemy, nie ma. Odpowiadajmy na realne potrzeby u\u017cytkownika! To jest prawdziwa innowacja! Projektujmy umiej\u0119tnie i racjonalnie. Produkujmy trwa\u0142e wzornictwo, najlepiej ponadczasowe, szczere i zr\u00f3wnowa\u017cone. Projektujmy pro\u015bciej i lepiej. Ja chc\u0119 tak dzia\u0142a\u0107!","_pl_post_name":"o-firmie","_pl_post_excerpt":"","_pl_post_title":"O firmie","_en_post_content":"<h4>Design is business, but!<\/h4>\nDesign is not only a beautiful form and meaningful function, that really makes life easier. Design is business! I believe, that we designes are hired, to bring profit to our customers, but! Both designers and producers should be responsible and provide a sustainable design, which is good for both people and planet. Also designers should be willing to accept feedback on their implemented work and draw conclusions from it. We overproduce, and what we really need, is not there. Let's response to the real user needs! That's the true innovation! Let's design with a skillful and rational approach. Let's produce long lasting, best timeless, honest and sustainable designs. Let's keep it simple and let\u2019s design it better. I want to work like that!","_en_post_name":"o-firmie","_en_post_excerpt":"","_en_post_title":"O firmie","edit_language":"en"},"_links":{"self":[{"href":"https:\/\/martakrupinska.pl\/en\/wp-json\/wp\/v2\/pages\/2"}],"collection":[{"href":"https:\/\/martakrupinska.pl\/en\/wp-json\/wp\/v2\/pages"}],"about":[{"href":"https:\/\/martakrupinska.pl\/en\/wp-json\/wp\/v2\/types\/page"}],"author":[{"embeddable":true,"href":"https:\/\/martakrupinska.pl\/en\/wp-json\/wp\/v2\/users\/1"}],"replies":[{"embeddable":true,"href":"https:\/\/martakrupinska.pl\/en\/wp-json\/wp\/v2\/comments?post=2"}],"version-history":[{"count":52,"href":"https:\/\/martakrupinska.pl\/en\/wp-json\/wp\/v2\/pages\/2\/revisions"}],"predecessor-version":[{"id":2340,"href":"https:\/\/martakrupinska.pl\/en\/wp-json\/wp\/v2\/pages\/2\/revisions\/2340"}],"wp:attachment":[{"href":"https:\/\/martakrupinska.pl\/en\/wp-json\/wp\/v2\/media?parent=2"}],"curies":[{"name":"wp","href":"https:\/\/api.w.org\/{rel}","templated":true}]}}